{"id":506,"date":"2024-01-07T13:46:06","date_gmt":"2024-01-07T13:46:06","guid":{"rendered":"https:\/\/yougane.fr\/?post_type=product&#038;p=506"},"modified":"2024-01-08T20:49:07","modified_gmt":"2024-01-08T20:49:07","slug":"cat-body","status":"publish","type":"product","link":"https:\/\/yougane.fr\/index.php\/product\/cat-body\/","title":{"rendered":"Cat body"},"content":{"rendered":"<p class=\"gmail-p3\">Pr\u00e9pare-toi \u00e0 lib\u00e9rer ton c\u00f4t\u00e9 f\u00e9lin et \u00e0 sculpter un corps digne d&#8217;une h\u00e9ro\u00efne\u00a0 : Sors les griffes et donne ton maximum pour exploiter ton plein potentiel.<\/p>\n<p class=\"gmail-p3\">On risque bien de tomber sous le charme de ta transformation physique et de ton \u00e9nergie \u00e9lectrisante, ainsi va la vie d&#8217;une h\u00e9ro\u00efne si charismatique.<\/p>\n<p>&nbsp;<\/p>\n<p>&nbsp;<\/p>\n<p class=\"gmail-p3\">Dans chaque programme tu trouveras :<\/p>\n<ul>\n<li class=\"gmail-p3\">5 s\u00e9ances d&#8217;entra\u00eenements.<\/li>\n<li class=\"gmail-p3\">Un exemple de programme alimentaire avec les quantit\u00e9s et les aliments pour chaque repas pour t\u2019inspirer.<\/li>\n<li class=\"gmail-p3\">Des liens vers des vid\u00e9os pour t \u2018expliquer les mouvements<\/li>\n<li class=\"gmail-p3\">Un Challenge propre \u00e0 ton h\u00e9ros \u00e0 r\u00e9aliser chaque semaine.<\/li>\n<li class=\"gmail-p3\">Une FAQ pour r\u00e9pondre aux questions les plus r\u00e9currentes<\/li>\n<\/ul>\n","protected":false},"excerpt":{"rendered":"<p>Pour celles qui veulent un bas du corps d\u00e9velopp\u00e9, une taille fine et un haut du corps harmonieux.<\/p>\n","protected":false},"featured_media":484,"comment_status":"open","ping_status":"closed","template":"","meta":[],"product_cat":[17],"product_tag":[],"acf":[],"_links":{"self":[{"href":"https:\/\/yougane.fr\/index.php\/wp-json\/wp\/v2\/product\/506"}],"collection":[{"href":"https:\/\/yougane.fr\/index.php\/wp-json\/wp\/v2\/product"}],"about":[{"href":"https:\/\/yougane.fr\/index.php\/wp-json\/wp\/v2\/types\/product"}],"replies":[{"embeddable":true,"href":"https:\/\/yougane.fr\/index.php\/wp-json\/wp\/v2\/comments?post=506"}],"wp:featuredmedia":[{"embeddable":true,"href":"https:\/\/yougane.fr\/index.php\/wp-json\/wp\/v2\/media\/484"}],"wp:attachment":[{"href":"https:\/\/yougane.fr\/index.php\/wp-json\/wp\/v2\/media?parent=506"}],"wp:term":[{"taxonomy":"product_cat","embeddable":true,"href":"https:\/\/yougane.fr\/index.php\/wp-json\/wp\/v2\/product_cat?post=506"},{"taxonomy":"product_tag","embeddable":true,"href":"https:\/\/yougane.fr\/index.php\/wp-json\/wp\/v2\/product_tag?post=506"}],"curies":[{"name":"wp","href":"https:\/\/api.w.org\/{rel}","templated":true}]}}