{"id":508,"date":"2024-01-07T13:47:17","date_gmt":"2024-01-07T13:47:17","guid":{"rendered":"https:\/\/yougane.fr\/?post_type=product&#038;p=508"},"modified":"2024-01-08T20:45:50","modified_gmt":"2024-01-08T20:45:50","slug":"super-mass-body","status":"publish","type":"product","link":"https:\/\/yougane.fr\/index.php\/product\/super-mass-body\/","title":{"rendered":"Super mass body"},"content":{"rendered":"<blockquote>\n<p class=\"gmail-p3\">Avec ce programme tu auras au corps puissant et massif digne du plus grand des h\u00e9ros, pr\u00e9pare toi \u00e0 soulever des montagnes et \u00e0 t\u2019envoler vers un physique surpuissant.<\/p>\n<\/blockquote>\n<p class=\"gmail-p3\">Il n&#8217;y aura peut-\u00eatre plus assez de poids pour charger les barres&#8230; c&#8217;est comme \u00e7a quand on poss\u00e8de une force incroyable.<\/p>\n<p>&nbsp;<\/p>\n<p>&nbsp;<\/p>\n<p class=\"gmail-p3\">Dans chaque programme tu trouveras :<\/p>\n<ul>\n<li class=\"gmail-p3\">5 s\u00e9ances d&#8217;entra\u00eenements.<\/li>\n<li class=\"gmail-p3\">Un exemple de programme alimentaire avec les quantit\u00e9s et les aliments pour chaque repas pour t\u2019inspirer.<\/li>\n<li class=\"gmail-p3\">Des liens vers des vid\u00e9os pour t \u2018expliquer les mouvements<\/li>\n<li class=\"gmail-p3\">Un Challenge propre \u00e0 ton h\u00e9ros \u00e0 r\u00e9aliser chaque semaine.<\/li>\n<li class=\"gmail-p3\">Une FAQ pour r\u00e9pondre aux questions les plus r\u00e9currentes<\/li>\n<\/ul>\n","protected":false},"excerpt":{"rendered":"<p>Pour ceux qui veulent gagner en masse musculaire et gagner en force.<span class=\"gmail-Apple-converted-space\">\u00a0<\/span><\/p>\n","protected":false},"featured_media":482,"comment_status":"open","ping_status":"closed","template":"","meta":[],"product_cat":[17],"product_tag":[],"acf":[],"_links":{"self":[{"href":"https:\/\/yougane.fr\/index.php\/wp-json\/wp\/v2\/product\/508"}],"collection":[{"href":"https:\/\/yougane.fr\/index.php\/wp-json\/wp\/v2\/product"}],"about":[{"href":"https:\/\/yougane.fr\/index.php\/wp-json\/wp\/v2\/types\/product"}],"replies":[{"embeddable":true,"href":"https:\/\/yougane.fr\/index.php\/wp-json\/wp\/v2\/comments?post=508"}],"wp:featuredmedia":[{"embeddable":true,"href":"https:\/\/yougane.fr\/index.php\/wp-json\/wp\/v2\/media\/482"}],"wp:attachment":[{"href":"https:\/\/yougane.fr\/index.php\/wp-json\/wp\/v2\/media?parent=508"}],"wp:term":[{"taxonomy":"product_cat","embeddable":true,"href":"https:\/\/yougane.fr\/index.php\/wp-json\/wp\/v2\/product_cat?post=508"},{"taxonomy":"product_tag","embeddable":true,"href":"https:\/\/yougane.fr\/index.php\/wp-json\/wp\/v2\/product_tag?post=508"}],"curies":[{"name":"wp","href":"https:\/\/api.w.org\/{rel}","templated":true}]}}