{"id":510,"date":"2024-01-07T13:48:08","date_gmt":"2024-01-07T13:48:08","guid":{"rendered":"https:\/\/yougane.fr\/?post_type=product&#038;p=510"},"modified":"2024-01-08T20:44:53","modified_gmt":"2024-01-08T20:44:53","slug":"flashcut-body","status":"publish","type":"product","link":"https:\/\/yougane.fr\/index.php\/product\/flashcut-body\/","title":{"rendered":"Flashcut body"},"content":{"rendered":"<p class=\"gmail-p3\">Pr\u00e9pare toi \u00e0 laisser tes kilos en trop derri\u00e8re\u00a0toi !<br \/>\nAvec ce programme tu vas \u00eatre sec et rapide comme l\u2019\u00e9clair , un physique pour foncer \u00e0 la vitesse de la lumi\u00e8re vers un six pack incroyable.<\/p>\n<p class=\"gmail-p3\">Avec ce programme les pertes de poids classique vont te sembler \u00eatre au ralenti &#8230;. c&#8217;est comme \u00e7a quand on fonce \u00e0 la vitesse de la lumi\u00e8re\u00a0!<\/p>\n<p>&nbsp;<\/p>\n<p>&nbsp;<\/p>\n<p class=\"gmail-p3\">Dans chaque programme tu trouveras :<\/p>\n<ul>\n<li class=\"gmail-p3\">5 s\u00e9ances d&#8217;entra\u00eenements.<\/li>\n<li class=\"gmail-p3\">Un exemple de programme alimentaire avec les quantit\u00e9s et les aliments pour chaque repas pour t\u2019inspirer.<\/li>\n<li class=\"gmail-p3\">Des liens vers des vid\u00e9os pour t \u2018expliquer les mouvements<\/li>\n<li class=\"gmail-p3\">Un Challenge propre \u00e0 ton h\u00e9ros \u00e0 r\u00e9aliser chaque semaine.<\/li>\n<li class=\"gmail-p3\">Une FAQ pour r\u00e9pondre aux questions les plus r\u00e9currentes<\/li>\n<\/ul>\n","protected":false},"excerpt":{"rendered":"<p>Pour ceux qui veulent se sculpter un physique sec et muscl\u00e9.<\/p>\n","protected":false},"featured_media":483,"comment_status":"open","ping_status":"closed","template":"","meta":[],"product_cat":[17],"product_tag":[],"acf":[],"_links":{"self":[{"href":"https:\/\/yougane.fr\/index.php\/wp-json\/wp\/v2\/product\/510"}],"collection":[{"href":"https:\/\/yougane.fr\/index.php\/wp-json\/wp\/v2\/product"}],"about":[{"href":"https:\/\/yougane.fr\/index.php\/wp-json\/wp\/v2\/types\/product"}],"replies":[{"embeddable":true,"href":"https:\/\/yougane.fr\/index.php\/wp-json\/wp\/v2\/comments?post=510"}],"wp:featuredmedia":[{"embeddable":true,"href":"https:\/\/yougane.fr\/index.php\/wp-json\/wp\/v2\/media\/483"}],"wp:attachment":[{"href":"https:\/\/yougane.fr\/index.php\/wp-json\/wp\/v2\/media?parent=510"}],"wp:term":[{"taxonomy":"product_cat","embeddable":true,"href":"https:\/\/yougane.fr\/index.php\/wp-json\/wp\/v2\/product_cat?post=510"},{"taxonomy":"product_tag","embeddable":true,"href":"https:\/\/yougane.fr\/index.php\/wp-json\/wp\/v2\/product_tag?post=510"}],"curies":[{"name":"wp","href":"https:\/\/api.w.org\/{rel}","templated":true}]}}